{"id":283,"date":"2022-04-17T18:08:49","date_gmt":"2022-04-17T18:08:49","guid":{"rendered":"https:\/\/nitfit.life\/ro\/?page_id=283"},"modified":"2026-02-03T13:12:26","modified_gmt":"2026-02-03T11:12:26","slug":"life-coach","status":"publish","type":"page","link":"https:\/\/nitfit.life\/ro\/life-coach\/","title":{"rendered":"Life Coach"},"content":{"rendered":"<section class=\"l-section wpb_row height_custom color_primary with_img with_shape\"><div class=\"l-section-img\" style=\"background-image: url(https:\/\/nitfit.life\/ro\/wp-content\/uploads\/2022\/04\/life-coach2.jpg);\" data-img-width=\"1200\" data-img-height=\"800\"><\/div><div class=\"l-section-overlay\" style=\"background:rgba(0,0,0,0.40)\"><\/div><div class=\"l-section-shape type_wave pos_bottom\" style=\"height:8vmax;\"><svg xmlns=\"http:\/\/www.w3.org\/2000\/svg\" viewBox=\"0 4 64 4\" preserveAspectRatio=\"none\" width=\"100%\" height=\"100%\">\r\n\t<path fill=\"currentColor\" d=\"M64 6 C32 0 32 12 0 6 L0 8 L64 8 Z\"\/>\r\n<\/svg><\/div><div class=\"l-section-h i-cf\"><div class=\"g-cols vc_row via_grid cols_1 laptops-cols_inherit tablets-cols_inherit mobiles-cols_1 valign_top type_default stacking_default\"><div class=\"wpb_column vc_column_container\"><div class=\"vc_column-inner\"><h1 class=\"w-text us_custom_34aef4c0\"><span class=\"w-text-h\"><span class=\"w-text-value\">Mentor Claritate Emo\u021bional\u0103<\/span><\/span><\/h1><div class=\"w-separator size_custom\" style=\"height:8vmax\"><\/div><\/div><\/div><\/div><\/div><\/section><section class=\"l-section wpb_row height_custom\"><div class=\"l-section-h i-cf\"><div class=\"g-cols vc_row via_grid cols_1 laptops-cols_inherit tablets-cols_inherit mobiles-cols_1 valign_top type_default stacking_default\"><div class=\"wpb_column vc_column_container\"><div class=\"vc_column-inner\"><div class=\"wpb_text_column\"><div class=\"wpb_wrapper\"><p data-start=\"249\" data-end=\"290\"><strong data-start=\"249\" data-end=\"288\">Activeaz\u0103-\u021bi Str\u0103lucirea Interioar\u0103<\/strong><\/p>\n<p data-start=\"292\" data-end=\"699\">Ajut femeile de performan\u021b\u0103 s\u0103 \u00een\u021beleag\u0103 \u0219i s\u0103 reconfigureze cu bl\u00e2nde\u021be tiparele emo\u021bionale \u0219i ale sistemului nervos care le \u021bin deconectate de ele \u00eensele, astfel schimbarea nu mai pare o lupt\u0103. Vei ob\u021bine claritate, vei dep\u0103\u0219i obstacole \u0219i \u00ee\u021bi vei atinge obiectivele. \u00cempreun\u0103, vom dep\u0103\u0219i convingerile limitative \u0219i vom crea un plan pentru a transforma mentalitatea, s\u0103n\u0103tatea, rela\u021biile \u0219i cariera ta.<\/p>\n<p data-start=\"701\" data-end=\"740\"><strong data-start=\"701\" data-end=\"738\">Ce face programele mele diferite:<\/strong><\/p>\n<ul data-start=\"742\" data-end=\"1423\">\n<li data-start=\"742\" data-end=\"877\">\n<p data-start=\"744\" data-end=\"877\"><strong data-start=\"744\" data-end=\"773\">Experien\u021b\u0103 \u0219i Profunzime:<\/strong> Ani de experien\u021b\u0103 real\u0103, mentorat \u0219i aplicarea tehnicilor avansate NLP pentru transform\u0103ri autentice.<\/p>\n<\/li>\n<li data-start=\"878\" data-end=\"1017\">\n<p data-start=\"880\" data-end=\"1017\"><strong data-start=\"880\" data-end=\"911\">Transformare Personalizat\u0103:<\/strong> Fiecare sesiune, instrument \u0219i strategie sunt create special pentru drumul t\u0103u, f\u0103r\u0103 planuri generice.<\/p>\n<\/li>\n<li data-start=\"1018\" data-end=\"1149\">\n<p data-start=\"1020\" data-end=\"1149\"><strong data-start=\"1020\" data-end=\"1054\">Focus pe St\u0103p\u00e2nirea Emo\u021biilor:<\/strong> Vei ob\u021bine claritate, vei regla sistemul nervos \u0219i vei lua decizii din putere, nu din fric\u0103.<\/p>\n<\/li>\n<li data-start=\"1150\" data-end=\"1279\">\n<p data-start=\"1152\" data-end=\"1279\"><strong data-start=\"1152\" data-end=\"1174\">Suport Pas cu Pas:<\/strong> Cu coaching 1:1, grupuri de suport \u0219i sisteme de responsabilizare, nu vei parcurge schimbarea singur\u0103.<\/p>\n<\/li>\n<li data-start=\"1280\" data-end=\"1423\">\n<p data-start=\"1282\" data-end=\"1423\"><strong data-start=\"1282\" data-end=\"1308\">Rezultate Demonstrate:<\/strong> Femeile din programele mele raporteaz\u0103 constant progrese reale \u00een \u00eencredere, luarea deciziilor \u0219i stima de sine.<\/p>\n<\/li>\n<\/ul>\n<p data-start=\"1425\" data-end=\"1586\"><strong data-start=\"1425\" data-end=\"1446\">F\u0103 Primul Pas Azi<\/strong><br data-start=\"1446\" data-end=\"1449\" \/>Rec\u00e2\u0219tig\u0103 claritatea, \u00eencrederea \u0219i puterea ta. Hai s\u0103 dep\u0103\u0219im \u00eempreun\u0103 ce te re\u021bine \u0219i s\u0103 cre\u0103m via\u021ba pe care ai visat-o dintotdeauna.<\/p>\n<\/div><\/div><\/div><\/div><\/div><\/div><\/section>\n","protected":false},"excerpt":{"rendered":"Mentor Claritate Emo\u021bional\u0103Activeaz\u0103-\u021bi Str\u0103lucirea Interioar\u0103 Ajut femeile de performan\u021b\u0103 s\u0103 \u00een\u021beleag\u0103 \u0219i s\u0103 reconfigureze cu bl\u00e2nde\u021be tiparele emo\u021bionale \u0219i ale sistemului nervos care le \u021bin deconectate de ele \u00eensele, astfel schimbarea nu mai pare o lupt\u0103. Vei ob\u021bine claritate, vei dep\u0103\u0219i obstacole \u0219i \u00ee\u021bi vei atinge obiectivele. \u00cempreun\u0103, vom dep\u0103\u0219i convingerile limitative \u0219i vom crea...","protected":false},"author":1,"featured_media":285,"parent":0,"menu_order":0,"comment_status":"closed","ping_status":"closed","template":"","meta":{"_monsterinsights_skip_tracking":false,"_monsterinsights_sitenote_active":false,"_monsterinsights_sitenote_note":"","_monsterinsights_sitenote_category":0,"footnotes":""},"class_list":["post-283","page","type-page","status-publish","has-post-thumbnail","hentry"],"aioseo_notices":[],"_links":{"self":[{"href":"https:\/\/nitfit.life\/ro\/wp-json\/wp\/v2\/pages\/283","targetHints":{"allow":["GET"]}}],"collection":[{"href":"https:\/\/nitfit.life\/ro\/wp-json\/wp\/v2\/pages"}],"about":[{"href":"https:\/\/nitfit.life\/ro\/wp-json\/wp\/v2\/types\/page"}],"author":[{"embeddable":true,"href":"https:\/\/nitfit.life\/ro\/wp-json\/wp\/v2\/users\/1"}],"replies":[{"embeddable":true,"href":"https:\/\/nitfit.life\/ro\/wp-json\/wp\/v2\/comments?post=283"}],"version-history":[{"count":7,"href":"https:\/\/nitfit.life\/ro\/wp-json\/wp\/v2\/pages\/283\/revisions"}],"predecessor-version":[{"id":19708,"href":"https:\/\/nitfit.life\/ro\/wp-json\/wp\/v2\/pages\/283\/revisions\/19708"}],"wp:featuredmedia":[{"embeddable":true,"href":"https:\/\/nitfit.life\/ro\/wp-json\/wp\/v2\/media\/285"}],"wp:attachment":[{"href":"https:\/\/nitfit.life\/ro\/wp-json\/wp\/v2\/media?parent=283"}],"curies":[{"name":"wp","href":"https:\/\/api.w.org\/{rel}","templated":true}]}}